{"id":17,"date":"2024-01-28T17:15:05","date_gmt":"2024-01-28T16:15:05","guid":{"rendered":"http:\/\/vinocalidad.es\/?post_type=product&#038;p=17"},"modified":"2026-05-06T19:50:34","modified_gmt":"2026-05-06T17:50:34","slug":"jarel-naturalmente-dulce","status":"publish","type":"product","link":"https:\/\/vinocalidad.es\/en\/product\/jarel-naturalmente-dulce\/","title":{"rendered":"Jarel Naturalmente Dulce"},"content":{"rendered":"<p>D\u00e9jate cautivar por Jarel Naturalmente Dulce, un vino que encarna la esencia de la elegancia y la dulzura. Con un color amarillo brillante salpicado de reflejos dorados, este vino despierta los sentidos con una paleta arom\u00e1tica variada y cautivadora.<\/p>\n<p>Desde los primeros sorbos, Jarel Naturalmente Dulce seduce con sus aromas varietales y c\u00edtricos, fusionados con la presencia de fruta blanca madura. Aspectos m\u00e1s complejos, como el almizcle, la miel y las pasas, se entrelazan armoniosamente, a\u00f1adiendo profundidad y sofisticaci\u00f3n a cada experiencia sensorial.<\/p>\n<p>En boca, este vino revela un equilibrio perfecto entre dulzura y acidez, creando una experiencia gustativa que deleita el paladar. Con un final largo y especiado, invita a saborear cada momento con deleite y satisfacci\u00f3n.<\/p>\n<p>Jarel Naturalmente Dulce, sin crianza y envejecido lentamente en botella durante varios a\u00f1os, promete evolucionar con gracia y refinamiento con el tiempo, ofreciendo una experiencia enol\u00f3gica que perdura y se enriquece con el paso de las estaciones.<\/p>\n<p>Perfecto como aperitivo o acompa\u00f1ando deliciosos manjares como queso azul, foie gras, mazap\u00e1n y canutillos de hojaldre rellenos de crema pastelera, este vino tambi\u00e9n brilla como postre, elevando la experiencia culinaria a nuevas alturas y cautivando a los paladares m\u00e1s exigentes.<\/p>","protected":false},"excerpt":{"rendered":"<p>Jarel Naturalmente Dulce es un vino de color amarillo brillante con reflejos dorados, que seduce con aromas varietales, c\u00edtricos y fruta blanca madura. En boca, equilibra dulzura y acidez con un final largo y especiado. Sin crianza, envejecer\u00e1 lentamente en botella, ofreciendo una experiencia enol\u00f3gica que evoluciona con gracia. Ideal como aperitivo o postre, marida perfectamente con queso azul, foie gras, mazap\u00e1n y m\u00e1s, elevando cada experiencia culinaria.<\/p>","protected":false},"featured_media":47,"comment_status":"open","ping_status":"closed","template":"","meta":{"_acf_changed":false},"product_brand":[],"product_cat":[19],"product_tag":[89,20,86],"class_list":{"0":"post-17","1":"product","2":"type-product","3":"status-publish","4":"has-post-thumbnail","6":"product_cat-dulces","7":"product_tag-do-sierras-de-malaga","8":"product_tag-moscatel-alejandria","9":"product_tag-sierras-de-malaga","11":"first","12":"instock","13":"taxable","14":"shipping-taxable","15":"purchasable","16":"product-type-simple"},"group_of_quantity":0,"min_quantity":0,"max_quantity":"","exclude_order_quantity_value_rules":"no","exclude_category_quantity_rules":"no","combine_variations":"no","acf":[],"_links":{"self":[{"href":"https:\/\/vinocalidad.es\/en\/wp-json\/wp\/v2\/product\/17","targetHints":{"allow":["GET"]}}],"collection":[{"href":"https:\/\/vinocalidad.es\/en\/wp-json\/wp\/v2\/product"}],"about":[{"href":"https:\/\/vinocalidad.es\/en\/wp-json\/wp\/v2\/types\/product"}],"replies":[{"embeddable":true,"href":"https:\/\/vinocalidad.es\/en\/wp-json\/wp\/v2\/comments?post=17"}],"wp:featuredmedia":[{"embeddable":true,"href":"https:\/\/vinocalidad.es\/en\/wp-json\/wp\/v2\/media\/47"}],"wp:attachment":[{"href":"https:\/\/vinocalidad.es\/en\/wp-json\/wp\/v2\/media?parent=17"}],"wp:term":[{"taxonomy":"product_brand","embeddable":true,"href":"https:\/\/vinocalidad.es\/en\/wp-json\/wp\/v2\/product_brand?post=17"},{"taxonomy":"product_cat","embeddable":true,"href":"https:\/\/vinocalidad.es\/en\/wp-json\/wp\/v2\/product_cat?post=17"},{"taxonomy":"product_tag","embeddable":true,"href":"https:\/\/vinocalidad.es\/en\/wp-json\/wp\/v2\/product_tag?post=17"}],"curies":[{"name":"wp","href":"https:\/\/api.w.org\/{rel}","templated":true}]}}